{"id":1856,"date":"2019-07-24T09:22:44","date_gmt":"2019-07-24T09:22:44","guid":{"rendered":"http:\/\/109.70.35.241\/anibis\/?page_id=1856"},"modified":"2019-07-30T09:22:53","modified_gmt":"2019-07-30T09:22:53","slug":"politica-de-proteccion-de-datos","status":"publish","type":"page","link":"https:\/\/anibismedica.sigesa.com\/index.php\/politica-de-proteccion-de-datos\/","title":{"rendered":"Pol\u00edtica de Protecci\u00f3n de datos"},"content":{"rendered":"<div class=\"fusion-fullwidth fullwidth-box fusion-builder-row-1 nonhundred-percent-fullwidth non-hundred-percent-height-scrolling\" style=\"--awb-border-radius-top-left:0px;--awb-border-radius-top-right:0px;--awb-border-radius-bottom-right:0px;--awb-border-radius-bottom-left:0px;--awb-flex-wrap:wrap;\" ><div class=\"fusion-builder-row fusion-row\"><div class=\"fusion-layout-column fusion_builder_column fusion-builder-column-0 fusion_builder_column_3_5 3_5 fusion-three-fifth fusion-column-first\" style=\"--awb-padding-right:5%;--awb-padding-left:5%;--awb-bg-size:cover;--awb-border-color:#03a9f4;--awb-border-left:6px;--awb-border-style:solid;--awb-margin-top:0px;--awb-margin-bottom:0px;width:58.4%; margin-right: 4%;\"><div class=\"fusion-column-wrapper fusion-flex-column-wrapper-legacy\"><div class=\"fusion-text fusion-text-1\"><p><strong>Motivos y finalidades del procesamiento de datos en una p<\/strong><strong>\u00e1gina web<\/strong><\/p>\n<p>En cumplimiento de la normativa vigente en materia de protecci\u00f3n de datos de car\u00e1cter personal, ANIBIS M\u00c9DICA grupo Sigesa le informa de que los datos personales que se recogen a trav\u00e9s de su web son sometidos a un tratamiento automatizado de actividades de car\u00e1cter personal.<\/p>\n<p>Las actividades de tratamiento se encuentran registradas en nuestra Pol\u00edtica de Protecci\u00f3n de Datos, aprobada por la administradora el 15 de mayo de 2018, por la que se adoptan las medidas necesarias para garantizar la seguridad, integridad y confidencialidad de los datos conforme a lo dispuesto en el Reglamento (UE) 2016\/679 del Parlamento Europeo y del Consejo, de 27 de abril de 2016, relativo a la protecci\u00f3n de las personas f\u00edsicas en lo que respecta al tratamiento de datos personales y a la libre circulaci\u00f3n de los mismos.<\/p>\n<p>La recogida y tratamiento automatizado de los datos de car\u00e1cter personal tienen como finalidad facilitar la gesti\u00f3n de la actividad del sitio web, los servicios ofertados y consultas planteadas a trav\u00e9s del mismo, as\u00ed como el desarrollo y cumplimiento de la relaci\u00f3n contractual que el cliente establezca con ANIBIS M\u00c9DICA grupo Sigesa.<\/p>\n<p>Todos los datos personales que nos proporcione ser\u00e1n incorporados a nuestro registro de actividades, conforme a nuestra Pol\u00edtica de Protecci\u00f3n de Datos.<\/p>\n<p>Estos datos \u00fanicamente ser\u00e1n cedidos a aquellas entidades que sean necesarias con el \u00fanico objetivo de dar cumplimiento a las finalidades anteriormente expuestas.<\/p>\n<p>El usuario podr\u00e1 en cualquier momento ejercitar los derechos de acceso, oposici\u00f3n, rectificaci\u00f3n y cancelaci\u00f3n reconocidos en el citado Reglamento (UE). El ejercicio de estos derechos puede realizarlo el propio usuario mediante escrito dirigido a \u201cSistemas de Gesti\u00f3n Sanitaria S.A.\u201d, con domicilio social en la calle Colombia n\u00famero 64, Piso 3\u00ba-A, 28016 Madrid, Espa\u00f1a y C.I.F. n\u00famero A-80572449, o por correo electr\u00f3nico a la direcci\u00f3n sigesa@sigesa.com<\/p>\n<p>El usuario manifiesta que todos los datos facilitados por \u00e9l son ciertos y correctos, y se compromete a mantenerlos actualizados. Mediante la aceptaci\u00f3n de esta pol\u00edtica de privacidad y protecci\u00f3n de datos, el cliente manifiesta y garantiza la exactitud, vigencia y autenticidad de los datos personales facilitados, y se compromete a mantenerlos debidamente actualizados, con comunicaci\u00f3n de cualquier cambio relevante a ANIBIS M\u00c9DICA grupo Sigesa a trav\u00e9s de alguno de los medios anteriormente expuestos. El cliente exonera a ANIBIS M\u00c9DICA grupo Sigesa de responsabilidad ante cualquier da\u00f1o o perjuicio que pudiera sufrir como consecuencia de errores, defectos u omisiones, en la informaci\u00f3n que le haya proporcionado.<\/p>\n<p>\u00a0<\/p>\n<p><strong>Finalidad del tratamiento de los datos personales<\/strong><\/p>\n<p>Nuestra pol\u00edtica de protecci\u00f3n de datos personales tiene por finalidad garantizar el derecho a la protecci\u00f3n de los datos de todas las personas f\u00edsicas que se relacionan con nuestro sitio web, asegurando el respeto del derecho al honor y a la intimidad en el tratamiento de las diferentes tipolog\u00edas de datos personales, procedentes de diferentes fuentes y con fines diversos.<\/p>\n<p>De acuerdo con el principio de minimizaci\u00f3n que inspira nuestra pol\u00edtica de protecci\u00f3n de datos personales, solo ser\u00e1n objeto de tratamiento aquellos datos personales que resulten estrictamente necesarios para la finalidad para la que se recogen o tratan.<\/p>\n<p>En ning\u00fan caso se recabar\u00e1n ni tratar\u00e1n datos personales relativos al origen \u00e9tnico o racial, a la ideolog\u00eda pol\u00edtica, a las creencias, a las convicciones religiosas o filos\u00f3ficas, a la vida u orientaci\u00f3n sexual, a la afiliaci\u00f3n sindical, a la salud, ni datos gen\u00e9ticos o biom\u00e9tricos dirigidos a identificar de manera un\u00edvoca a una persona, salvo que la recogida de los referidos datos sea necesaria, leg\u00edtima y requerida o permitida por la legislaci\u00f3n aplicable, en cuyo caso ser\u00e1n recabados y tratados de acuerdo con lo establecido en aquella.<\/p>\n<p>En ANIBIS M\u00c9DICA grupo Sigesa trataremos sus datos personales recabados a trav\u00e9s de nuestro sitio web con las siguientes finalidades:<\/p>\n<p>En caso de adquisici\u00f3n de determinados servicios ofertados a trav\u00e9s del sitio web, de cara a mantener la relaci\u00f3n contractual, as\u00ed como la gesti\u00f3n, administraci\u00f3n, informaci\u00f3n, prestaci\u00f3n y mejora del servicio.<\/p>\n<p>En caso de concurrencia para alguno de los puestos de trabajo ofertados en el sitio web, de cara a poder valorar la candidatura.<\/p>\n<p>En caso de solicitud de informaci\u00f3n a trav\u00e9s de los formularios dispuestos en nuestro sitio web, de cara al env\u00edo de tal informaci\u00f3n.<\/p>\n<p>Los campos de dichos registros son de cumplimentaci\u00f3n obligatoria, siendo imposible realizar las finalidades expresadas si no se aportan esos datos.<\/p>\n<p>\u00a0<\/p>\n<p><strong>Per<\/strong><strong>\u00edodo de almacenamiento de los datos personales<\/strong><\/p>\n<p>De acuerdo con el principio de limitaci\u00f3n del plazo de conservaci\u00f3n que inspira nuestra pol\u00edtica de protecci\u00f3n de datos personales, estos se conservar\u00e1n mientras se mantenga la relaci\u00f3n comercial o no se solicite su supresi\u00f3n y durante el plazo durante el cual pudieran derivarse responsabilidades legales por los servicios prestados.<\/p>\n<p>\u00a0<\/p>\n<p><strong>Legitimaci<\/strong><strong>\u00f3n legal para el procesamiento de datos<\/strong><\/p>\n<p>El tratamiento de sus datos se realiza con las siguientes bases jur\u00eddicas que legitiman el mismo:<\/p>\n<p>La informaci\u00f3n requerida de cara a la contrataci\u00f3n de servicios, ofertas de trabajo o solicitud de informaci\u00f3n es necesaria para la satisfacci\u00f3n de intereses leg\u00edtimos perseguidos por el responsable del tratamiento o por un tercero (art. 6.1.f del Reglamento (UE) 2016\/679 del Parlamento Europeo y del Consejo, de 27 de abril de 2016).<\/p>\n<p>El consentimiento libre, espec\u00edfico, informado e inequ\u00edvoco del usuario, en tanto que se le informa de la presente pol\u00edtica de privacidad, tras cuya lectura, en caso de estar conforme, puede aceptar mediante una declaraci\u00f3n o una clara acci\u00f3n afirmativa, como el marcado de una casilla dispuesta al efecto (art. 6.1.a del Reglamento (UE) 2016\/679 del Parlamento Europeo y del Consejo, de 27 de abril de 2016).<\/p>\n<p>En caso de no facilitarnos sus datos o hacerlo de forma err\u00f3nea o incompleta, ANIBIS M\u00c9DICA grupo Sigesa no podr\u00e1 atender su solicitud, resultando del todo imposible proporcionarle la informaci\u00f3n solicitada, llevar a cabo la contrataci\u00f3n de los servicios o evaluar su candidatura.<\/p>\n<p>El usuario tiene derecho a retirar el consentimiento en cualquier momento, sin que ello afecte a la licitud del tratamiento basado en el consentimiento previo a su retirada.<\/p>\n<p>\u00a0<\/p>\n<p><strong>Destinatario de los datos personales<\/strong><\/p>\n<p>A efectos de la normativa vigente en materia de protecci\u00f3n de datos de car\u00e1cter personal, ANIBIS M\u00c9DICA grupo Sigesa es el Responsable del Tratamiento de Actividades.<\/p>\n<p>Con car\u00e1cter previo a la contrataci\u00f3n de cualquier prestador de servicios que acceda a datos personales que sean responsabilidad de ANIBIS M\u00c9DICA grupo Sigesa, as\u00ed como durante la vigencia de la relaci\u00f3n contractual, esta adoptar\u00e1 las medidas necesarias para garantizar y, cuando sea legalmente exigible, demostrar, que el tratamiento de datos por parte del encargado se lleva a cabo conforme a la normativa aplicable.<\/p>\n<p>El usuario acepta expresamente la cesi\u00f3n por parte de ANIBIS M\u00c9DICA grupo Sigesa de los datos personales facilitados por medio del sitio web, a terceras partes relacionadas o dependientes de ella o a proveedores de servicios, para la consecuci\u00f3n de tales servicios, para las finalidades y con aplicaci\u00f3n de las medidas de seguridad previstas en la normativa vigente en materia de protecci\u00f3n de datos de car\u00e1cter personal.<\/p>\n<p>En particular, el usuario consiente que el responsable del fichero comunique sus datos de car\u00e1cter personal a las empresas que se indican a continuaci\u00f3n, para el cumplimiento de las finalidades antes se\u00f1alada, salvo que expresamente se indique lo contrario:<\/p>\n<ol>\n<li>Anibis M\u00e9dica S.A.<\/li>\n<\/ol>\n<p>\u00a0\u00a0\u00a0\u00a0\u00a0\u00a0 \u00a0\u00a0\u00a0\u00a0Calle Colombia n\u00famero 64, piso 3\u00baA<\/p>\n<p>\u00a0\u00a0\u00a0\u00a0\u00a0\u00a0\u00a0\u00a0\u00a0\u00a0 28016, Madrid<\/p>\n<ol start=\"2\">\n<li>Sistemas de Gesti\u00f3n Sanitaria S.A.<\/li>\n<\/ol>\n<p>\u00a0\u00a0\u00a0\u00a0\u00a0\u00a0\u00a0\u00a0\u00a0\u00a0\u00a0 Calle Colombia n\u00famero 64, piso 3\u00baA<\/p>\n<p>\u00a0\u00a0\u00a0\u00a0\u00a0\u00a0\u00a0\u00a0\u00a0\u00a0\u00a0 28016, Madrid<\/p>\n<p>En caso de transferencia de datos fuera del espacio econ\u00f3mico europeo, este se llevar\u00e1 a cabo con estricto cumplimiento de los requisitos establecidos en la ley aplicable en la jurisdicci\u00f3n de origen. Asimismo, los socios de negocio o filiales ubicados fuera de la Uni\u00f3n Europea deber\u00e1n cumplir con los requisitos establecidos para las transferencias internacionales de datos personales que sean, en su caso, de aplicaci\u00f3n en su jurisdicci\u00f3n.<\/p>\n<p>Asimismo, los datos recabados a trav\u00e9s del sitio web podr\u00e1n ser comunicados a terceros en caso de mediar obligaci\u00f3n legal de hacerlo.<\/p>\n<p>\u00a0<\/p>\n<p><strong>Retenci<\/strong><strong>\u00f3n de datos en conformidad a la LSSI<\/strong><\/p>\n<p>ANIBIS M\u00c9DICA grupo Sigesa informa de que, como prestador de servicio de alojamiento de datos y en virtud de lo establecido en la Ley 34\/2002 de 11 de julio de Servicios de la Sociedad de la Informaci\u00f3n y de Comercio Electr\u00f3nico (LSSI), retiene por un periodo m\u00e1ximo de 12 meses la informaci\u00f3n imprescindible para identificar el origen de los datos alojados y el momento en que se inici\u00f3 la prestaci\u00f3n del servicio. La retenci\u00f3n de estos datos no afecta al secreto de las comunicaciones y s\u00f3lo podr\u00e1n ser utilizados en el marco de una investigaci\u00f3n criminal o para la salvaguardia de la seguridad p\u00fablica, poni\u00e9ndose a disposici\u00f3n de los jueces y\/o tribunales o del Ministerio que as\u00ed los requiera.<\/p>\n<p>La comunicaci\u00f3n de datos a las Fuerzas y Cuerpos del Estado se har\u00e1 en virtud de lo dispuesto en la normativa sobre protecci\u00f3n de datos personales.<\/p>\n<p>\u00a0<\/p>\n<p><strong>Controles peri<\/strong><strong>\u00f3dicos y medidas de seguridad adecuadas<\/strong><\/p>\n<p>De acuerdo con el principio de responsabilidad proactiva (rendici\u00f3n de cuentas) que inspira nuestra pol\u00edtica de protecci\u00f3n de datos personales, ANIBIS M\u00c9DICA grupo Sigesa ser\u00e1 responsable de cumplir con los principios y requisitos exigidos en la normativa, evaluando de forma previa los riesgos para la protecci\u00f3n de datos personales que puedan comportar nuevos productos, servicios o sistemas de informaci\u00f3n, adopt\u00e1ndose las medidas necesarias para eliminarlos o mitigarlos.<\/p>\n<p>ANIBIS M\u00c9DICA grupo Sigesa lleva un registro de actividades donde se describen los tratamientos de datos personales realizados en el marco de sus actividades. En caso de producirse un incidente que pueda ocasionar la destrucci\u00f3n, p\u00e9rdida o alteraci\u00f3n accidental o il\u00edcita de datos personales, o la comunicaci\u00f3n o acceso no autorizado a dichos datos, se seguir\u00e1n los protocolos internos establecidos a tal efecto por el responsable de seguridad, as\u00ed como los establecidos en la legislaci\u00f3n aplicable. Dichos incidentes ser\u00e1n documentados y gestionados por los delegados de protecci\u00f3n de datos.<\/p>\n<p>La Direcci\u00f3n de Seguridad Corporativa, conjuntamente con los Servicios Jur\u00eddicos de la compa\u00f1\u00eda, desarrollan y mantienen actualizada la normativa interna de gesti\u00f3n global de la protecci\u00f3n de datos, que se implementa por el responsable de seguridad y es de obligado cumplimiento para todos los directivos y empleados de ANIBIS M\u00c9DICA grupo Sigesa.<\/p>\n<p>El responsable de seguridad establece procedimientos internos que desarrollan los principios recogidos en nuestra pol\u00edtica de protecci\u00f3n de datos personales, supervisa el cumplimiento y eficacia de lo dispuesto en la misma e informa del resultado a la direcci\u00f3n que asume dichas tales en cada momento.<\/p>\n<p>Asimismo, para verificar el cumplimiento de nuestra pol\u00edtica de protecci\u00f3n de datos personales se realizan auditor\u00edas peri\u00f3dicas.<\/p>\n<p>\u00a0<\/p>\n<p><strong>Derecho a la informaci<\/strong><strong>\u00f3n y\/o eliminaci<\/strong><strong>\u00f3n de los datos<\/strong><\/p>\n<p>Cualquier cliente o candidato podr\u00e1 ejercitar los derechos de acceso, rectificaci\u00f3n, cancelaci\u00f3n, oposici\u00f3n y solicitar la supresi\u00f3n de los datos a trav\u00e9s de correo postal a ANIBIS M\u00c9DICA grupo Sigesa SISTEMAS DE GESTI\u00d3N SANITARIA S.A. (SIGESA) situada en C\/Colombia 64, Planta 3A, 28016, Madrid, Espa\u00f1a, o enviando un correo electr\u00f3nico a comercial@anibismedica.com con la referencia en el asunto: \u201cProtecci\u00f3n de Datos\u201d, incluyendo junto a la solicitud una copia de su DNI o documento oficial acreditativo de la identidad.<\/p>\n<p>\u00a0<\/p>\n<p><strong>Derecho de apelaci<\/strong><strong>\u00f3n ante la autoridad competente en materia de protecci<\/strong><strong>\u00f3n de datos<\/strong><\/p>\n<p>Los interesados pueden dirigir sus requerimientos a las Autoridades de protecci\u00f3n de datos cuando estimen que el tratamiento de sus datos de car\u00e1cter personal no est\u00e1 siendo ajustada a la normativa vigente.<\/p>\n<p>\u00a0<\/p>\n<p>Dicho canal de comunicaci\u00f3n podr\u00e1 efectuarse a trav\u00e9s del siguiente enlace de la Agencia Espa\u00f1ola de Protecci\u00f3n de Datos (AEPD):<\/p>\n<p>\u00a0<\/p>\n<p>https:\/\/sedeagpd.gob.es\/sede-electronica-Web\/vistas\/formReclamacionDerechos\/reclamacionDerechos.jsf<\/p>\n<\/div><div class=\"fusion-clearfix\"><\/div><\/div><\/div><\/div><\/div>\n","protected":false},"excerpt":{"rendered":"","protected":false},"author":1,"featured_media":0,"parent":0,"menu_order":0,"comment_status":"closed","ping_status":"closed","template":"","meta":{"footnotes":""},"class_list":["post-1856","page","type-page","status-publish","hentry"],"_links":{"self":[{"href":"https:\/\/anibismedica.sigesa.com\/index.php\/wp-json\/wp\/v2\/pages\/1856","targetHints":{"allow":["GET"]}}],"collection":[{"href":"https:\/\/anibismedica.sigesa.com\/index.php\/wp-json\/wp\/v2\/pages"}],"about":[{"href":"https:\/\/anibismedica.sigesa.com\/index.php\/wp-json\/wp\/v2\/types\/page"}],"author":[{"embeddable":true,"href":"https:\/\/anibismedica.sigesa.com\/index.php\/wp-json\/wp\/v2\/users\/1"}],"replies":[{"embeddable":true,"href":"https:\/\/anibismedica.sigesa.com\/index.php\/wp-json\/wp\/v2\/comments?post=1856"}],"version-history":[{"count":2,"href":"https:\/\/anibismedica.sigesa.com\/index.php\/wp-json\/wp\/v2\/pages\/1856\/revisions"}],"predecessor-version":[{"id":1901,"href":"https:\/\/anibismedica.sigesa.com\/index.php\/wp-json\/wp\/v2\/pages\/1856\/revisions\/1901"}],"wp:attachment":[{"href":"https:\/\/anibismedica.sigesa.com\/index.php\/wp-json\/wp\/v2\/media?parent=1856"}],"curies":[{"name":"wp","href":"https:\/\/api.w.org\/{rel}","templated":true}]}}