{"id":1853,"date":"2019-07-24T09:14:05","date_gmt":"2019-07-24T09:14:05","guid":{"rendered":"http:\/\/109.70.35.241\/anibis\/?page_id=1853"},"modified":"2019-09-12T08:57:35","modified_gmt":"2019-09-12T08:57:35","slug":"aviso-legal","status":"publish","type":"page","link":"https:\/\/anibismedica.sigesa.com\/index.php\/aviso-legal\/","title":{"rendered":"Aviso Legal"},"content":{"rendered":"<div class=\"fusion-fullwidth fullwidth-box fusion-builder-row-1 nonhundred-percent-fullwidth non-hundred-percent-height-scrolling\" style=\"--awb-border-radius-top-left:0px;--awb-border-radius-top-right:0px;--awb-border-radius-bottom-right:0px;--awb-border-radius-bottom-left:0px;--awb-flex-wrap:wrap;\" ><div class=\"fusion-builder-row fusion-row\"><div class=\"fusion-layout-column fusion_builder_column fusion-builder-column-0 fusion_builder_column_2_3 2_3 fusion-two-third fusion-column-first\" style=\"--awb-padding-top:5%;--awb-padding-left:5%;--awb-bg-size:cover;--awb-border-color:#03a9f4;--awb-border-left:7px;--awb-border-style:solid;width:66.666666666667%;width:calc(66.666666666667% - ( ( 4% ) * 0.66666666666667 ) );margin-right: 4%;\"><div class=\"fusion-column-wrapper fusion-flex-column-wrapper-legacy\"><div class=\"fusion-text fusion-text-1\"><p>El presente Aviso Legal regula el uso y utilizaci\u00f3n de este sitio web, al que se accede a trav\u00e9s de la direcci\u00f3n de Internet https:\/\/www.anibismedica.com<\/p>\n<p>La citada p\u00e1gina web ha sido dise\u00f1ada para dar a conocer la informaci\u00f3n, actividades y servicios ofrecidos por ANIBIS M\u00c9DICA grupo Sigesa.<\/p>\n<p>ANIBIS M\u00c9DICA grupo Sigesa se encuentra especializada en el suministro de bases de datos de Conocimiento Cl\u00ednico que contienen la informaci\u00f3n m\u00e1s actualizada sobre medicamentos, toxicolog\u00eda, medicina alternativa y complementaria, dirigidas a los profesionales de la salud e industria farmac\u00e9utica.<\/p>\n<p><strong>T<\/strong><strong>\u00e9rminos de uso<\/strong><\/p>\n<p>La utilizaci\u00f3n de este sitio web atribuye la condici\u00f3n de usuario del mismo e implica la aceptaci\u00f3n de todas las condiciones incluidas en este Aviso Legal.<\/p>\n<p>ANIBIS M\u00c9DICA grupo Sigesa se reserva el derecho a actualizar, modificar o eliminar la informaci\u00f3n contenida en su sitio web, pudiendo incluso limitar o no permitir el acceso a dicha informaci\u00f3n de manera temporal o definitiva.<\/p>\n<p>La informaci\u00f3n es actualizada peri\u00f3dicamente sin fecha fija, reserv\u00e1ndose ANIBIS M\u00c9DICA grupo Sigesa la facultad de modificar las condiciones de uso del sitio web. Se recomienda que el usuario consulte tales condiciones para conocer las potenciales modificaciones que estas pudieran sufrir.<\/p>\n<p><strong>Propiedad intelectual<\/strong><\/p>\n<p>Este sitio web es propiedad de ANIBIS M\u00c9DICA grupo Sigesa, con domicilio social en la calle Colombia n\u00famero 64, piso 3\u00ba A, 28016 Madrid, Espa\u00f1a y C.I.F. n\u00famero A-86680964, e inscrita en el Registro Mercantil de Madrid, Hoja M-104594, Folio 66, Tomo 6420, Libro 0, Secci\u00f3n 8.<\/p>\n<p>Los textos, im\u00e1genes, sonidos, animaciones, software y el resto de los contenidos incluidos en este sitio web son propiedad exclusiva de ANIBIS M\u00c9DICA grupo Sigesa o sus licenciantes. Cualquier acto de transmisi\u00f3n, distribuci\u00f3n, cesi\u00f3n, reproducci\u00f3n, almacenamiento o comunicaci\u00f3n p\u00fablica total o parcial, debe contar con su consentimiento expreso.<\/p>\n<p>Asimismo, las marcas, nombres comerciales y dem\u00e1s signos distintivos expuestos en este sitio web son propiedad de sus respectivos titulares. El usuario acepta que el acceso a este sitio web no debe entenderse como concesi\u00f3n t\u00e1cita, en virtud de la doctrina de los propios actos o por otro mecanismo legal, de ninguna licencia o del derecho de uso de ninguna marca, nombre comercial o cualquier otro signo distintivo que figure en el sitio web, sin el consentimiento previo por escrito de ANIBIS M\u00c9DICA grupo Sigesa o de sus respectivos titulares.<\/p>\n<p>Con los l\u00edmites establecidos en la normativa vigente, ANIBIS M\u00c9DICA grupo Sigesa no asume responsabilidades derivadas del uso incorrecto, inapropiado o il\u00edcito de la informaci\u00f3n aparecida en este sitio web. Los contenidos e informaci\u00f3n presentados son de car\u00e1cter general y se ofrecen con fines informativos y divulgativos. Por lo tanto, ANIBIS M\u00c9DICA grupo Sigesa no se responsabiliza de la falta de veracidad, integridad, actualizaci\u00f3n y precisi\u00f3n de los datos o informaciones contenidos en el mismo, ni de las decisiones tomadas a partir de la informaci\u00f3n suministrada en el sitio web ni de los da\u00f1os y perjuicios producidos en el usuario con motivo de actuaciones que tengan como \u00fanico fundamento la informaci\u00f3n obtenida en el sitio web, pues la informaci\u00f3n ofrecida resulta insuficiente para la toma de decisiones profesionales o empresariales por parte del usuario.<\/p>\n<p><strong>Enlaces a nuestro sitio web<\/strong><\/p>\n<p>El presente sitio web puede contener dispositivos t\u00e9cnicos de enlace (links) a otras p\u00e1ginas de terceras partes, actuando ANIBIS M\u00c9DICA grupo Sigesa como prestadora de servicios de intermediaci\u00f3n de conformidad con el art\u00edculo 17 de la Ley 34\/2002, de 11 de julio, de Servicios de la Sociedad de la Informaci\u00f3n y de Comercio Electr\u00f3nico.<\/p>\n<p>La existencia de sitios enlazados no supone la existencia de acuerdos con los responsables o titulares de los mismos, y ANIBIS M\u00c9DICA grupo Sigesa no se hace responsable de los da\u00f1os producidos por la ilicitud, calidad, desactualizaci\u00f3n, indisponibilidad, error e inutilidad de los contenidos de dichos sitios web, puesto que no puede controlar la licitud de los mismos, a salvo de su obligaci\u00f3n legal de desactivar el enlace a sitios web de cuya ilicitud haya tenido conocimiento efectivo en la forma prevista por la Ley de Servicios de la Sociedad de la Informaci\u00f3n.<\/p>\n<p>En cualquier caso, si el Usuario tuviera conocimiento de que los sitios enlazados remiten a p\u00e1ginas cuyos contenidos o servicios son il\u00edcitos o contrarios a la moral deber\u00e1 ponerlo en conocimiento de ANIBIS M\u00c9DICA grupo Sigesa.<\/p>\n<p>Por otro lado, en caso de insertarse enlaces a este sitio web desde otras p\u00e1ginas web, el enlace \u00fanicamente podr\u00e1 vincular con la p\u00e1gina principal del sitio web, pero no podr\u00e1 reproducirla de ninguna forma, y, en caso de que se visualicen los contenidos del sitio web con contenidos ajenos al mismo, estos contenidos ajenos no podr\u00e1n inducir a error, confusi\u00f3n o enga\u00f1o en los usuarios sobre la procedencia de los contenidos, ni suponer un acto de comparaci\u00f3n o imitaci\u00f3n desleal o un aprovechamiento de la reputaci\u00f3n de ANIBIS M\u00c9DICA grupo Sigesa.<\/p>\n<p>No se realizar\u00e1 desde las p\u00e1ginas que introducen enlaces al presente sitio web ning\u00fan tipo de manifestaci\u00f3n falsa o inexacta sobre ANIBIS M\u00c9DICA grupo Sigesa, sus socios, empleados o clientes, ni se indicar\u00e1 en tales p\u00e1ginas que tienen el consentimiento de ANIBIS M\u00c9DICA grupo Sigesa para la inserci\u00f3n del enlace, o que ANIBIS M\u00c9DICA grupo Sigesa tiene alguna relaci\u00f3n o colaboraci\u00f3n con tales p\u00e1ginas web.<\/p>\n<p>Salvo en los casos permitidos por la ley o expresamente autorizados por ANIBIS M\u00c9DICA grupo Sigesa, siempre que se permita un enlace directo con este sitio web, queda prohibida la utilizaci\u00f3n de cualquier marca o cualquier otro signo distintivo de ANIBIS M\u00c9DICA grupo Sigesa dentro de la p\u00e1gina donde se encuentre el enlace.<\/p>\n<p>La p\u00e1gina que establezca el enlace deber\u00e1 cumplir con la ley y no disponer o enlazar con contenidos il\u00edcitos o contrarios a la moral y a las buenas costumbres.<\/p>\n<p>A estos efectos, se habilita la direcci\u00f3n de correo electr\u00f3nico: comercial@anibismedica.com.\u00a0 De esta forma, los usuarios deber\u00e1n comunicar su nombre, direcci\u00f3n, n\u00famero de tel\u00e9fono y direcci\u00f3n de correo electr\u00f3nico, especificando la supuesta actividad il\u00edcita llevada a cabo en el sitio web, as\u00ed como los hechos o circunstancias que revelan el car\u00e1cter il\u00edcito de dicha actividad.<\/p>\n<p><strong>\u00a0<\/strong><\/p>\n<p><strong>Pol<\/strong><strong>\u00ed<\/strong><strong>tica de privacidad<\/strong><\/p>\n<p>Para acceder a ciertos servicios ofrecidos por ANIBIS M\u00c9DICA grupo Sigesa trav\u00e9s de este sitio web, postular su candidatura a algunos puestos de trabajo ofertados o solicitar informaci\u00f3n a trav\u00e9s de nuestros formularios, el usuario deber\u00e1 proporcionar datos de car\u00e1cter personal.<\/p>\n<p>En cumplimiento de lo establecido en el Reglamento (UE) 2016\/679 del Parlamento Europeo y del Consejo, de 27 de abril de 2016, relativo a la protecci\u00f3n de las personas f\u00edsicas en lo que respecta al tratamiento de datos personales y a la libre circulaci\u00f3n de estos datos, le informamos de que, mediante la cumplimentaci\u00f3n de los respectivos formularios, sus datos personales quedar\u00e1n incorporados y ser\u00e1n tratados en los ficheros de ANIBIS M\u00c9DICA grupo Sigesa con el fin de poderle prestar y ofrecer nuestros servicios as\u00ed como de informarle de las mejoras del sitio web.<\/p>\n<p>Los datos recabados ser\u00e1n incluidos en un fichero automatizado de datos personales cuyo responsable es ANIBIS M\u00c9DICA grupo Sigesa, y que se encuentra inscrito en la Agencia de Protecci\u00f3n de Datos.<\/p>\n<p>ANIBIS M\u00c9DICA grupo Sigesa tratar\u00e1 la informaci\u00f3n de forma confidencial y exclusivamente con las finalidades legalmente previstas y explicitadas en su Pol\u00edtica de privacidad, cancelando y borrando los datos cuando resulten inexactos, incompletos o hayan dejado de ser necesarios o pertinentes para su finalidad, de conformidad con lo previsto en la legislaci\u00f3n en materia de protecci\u00f3n de datos.<\/p>\n<p>Asimismo, le informamos de la posibilidad de que ejerza los derechos de acceso, oposici\u00f3n, rectificaci\u00f3n y cancelaci\u00f3n reconocidos en el citado Reglamento (UE). El ejercicio de estos derechos puede realizarlo el propio usuario mediante escrito dirigido a ANIBIS M\u00c9DICA grupo Sigesa \u201cSistemas de Gesti\u00f3n Sanitaria S.A.\u201d, con domicilio social en la calle Colombia n\u00famero 64, Piso 3\u00ba-A, 28016 Madrid, Espa\u00f1a y C.I.F. n\u00famero A-86680964, o por correo electr\u00f3nico a la direcci\u00f3n comercial@anibismedica.com<\/p>\n<p>Puede encontrarse una exposici\u00f3n m\u00e1s detallada de nuestra pol\u00edtica de protecci\u00f3n de datos en la pesta\u00f1a Pol\u00edtica de protecci\u00f3n de datos.<\/p>\n<p><strong>Pol<\/strong><strong>\u00ed<\/strong><strong>tica de cookies<\/strong><\/p>\n<p>ANIBIS M\u00c9DICA grupo Sigesa podr\u00e1 utilizar cookies durante la prestaci\u00f3n del servicio del sitio web, si bien el usuario tiene la posibilidad de configurar su programa navegador de manera que se impida la creaci\u00f3n de archivos cookie o se advierta del momento en que esto ocurre. Las cookies son procedimientos autom\u00e1ticos de recogida de informaci\u00f3n relativa a las preferencias determinadas por el usuario durante su visita a un determinado sitio web. Esta informaci\u00f3n se registra en peque\u00f1os archivos que son guardados en el equipo inform\u00e1tico del usuario, y cada vez que este vuelve a acceder al sitio web en cuesti\u00f3n estos archivos se activan autom\u00e1ticamente con la finalidad de configurar aquel con las preferencias se\u00f1aladas en anteriores visitas.<\/p>\n<\/div><div class=\"fusion-clearfix\"><\/div><\/div><\/div><div class=\"fusion-layout-column fusion_builder_column fusion-builder-column-1 fusion_builder_column_1_6 1_6 fusion-one-sixth fusion-column-last\" style=\"--awb-bg-size:cover;width:16.666666666667%;width:calc(16.666666666667% - ( ( 4% ) * 0.16666666666667 ) );\"><div class=\"fusion-column-wrapper fusion-flex-column-wrapper-legacy\"><div class=\"fusion-clearfix\"><\/div><\/div><\/div><\/div><\/div>\n","protected":false},"excerpt":{"rendered":"","protected":false},"author":1,"featured_media":0,"parent":0,"menu_order":0,"comment_status":"closed","ping_status":"closed","template":"","meta":{"footnotes":""},"class_list":["post-1853","page","type-page","status-publish","hentry"],"_links":{"self":[{"href":"https:\/\/anibismedica.sigesa.com\/index.php\/wp-json\/wp\/v2\/pages\/1853","targetHints":{"allow":["GET"]}}],"collection":[{"href":"https:\/\/anibismedica.sigesa.com\/index.php\/wp-json\/wp\/v2\/pages"}],"about":[{"href":"https:\/\/anibismedica.sigesa.com\/index.php\/wp-json\/wp\/v2\/types\/page"}],"author":[{"embeddable":true,"href":"https:\/\/anibismedica.sigesa.com\/index.php\/wp-json\/wp\/v2\/users\/1"}],"replies":[{"embeddable":true,"href":"https:\/\/anibismedica.sigesa.com\/index.php\/wp-json\/wp\/v2\/comments?post=1853"}],"version-history":[{"count":3,"href":"https:\/\/anibismedica.sigesa.com\/index.php\/wp-json\/wp\/v2\/pages\/1853\/revisions"}],"predecessor-version":[{"id":2053,"href":"https:\/\/anibismedica.sigesa.com\/index.php\/wp-json\/wp\/v2\/pages\/1853\/revisions\/2053"}],"wp:attachment":[{"href":"https:\/\/anibismedica.sigesa.com\/index.php\/wp-json\/wp\/v2\/media?parent=1853"}],"curies":[{"name":"wp","href":"https:\/\/api.w.org\/{rel}","templated":true}]}}